{"id":101,"date":"2015-10-20T19:39:09","date_gmt":"2015-10-20T17:39:09","guid":{"rendered":"http:\/\/musitestwordpress.azurewebsites.net\/?page_id=101"},"modified":"2026-04-04T10:07:12","modified_gmt":"2026-04-04T08:07:12","slug":"verein","status":"publish","type":"page","link":"http:\/\/www.musik-hartkirchen.at\/hp\/verein\/","title":{"rendered":"Verein"},"content":{"rendered":"<h3>Zahlen und Daten zur Musikkapelle Hartkirchen<\/h3>\n<p>66 aktive <a href=\"http:\/\/www.musik-hartkirchen.at\/hp\/verein\/mitglieder\/\">MusikerInnen<\/a><br \/>\n&#8211; 34 Musikerinnen<br \/>\n&#8211; 32 Musiker<\/p>\n<p>Durchschnittsalter: 30,5 Jahre<\/p>\n<p>Aufteilung:<br \/>\n&#8211; 27 Blechbl\u00e4ser<br \/>\n&#8211; 26 Holzbl\u00e4ser<br \/>\n&#8211; 9 Schlagzeuger<br \/>\n&#8211; 4 fesche Marketenderinnen<\/p>\n<p>27 Ausr\u00fcckungen im Jahr 2025:<br \/>\n&#8211; 9 Konzerte\/Wettbewerbe<br \/>\n&#8211; 3 Musikfest<br \/>\n&#8211; 8 kirchliche Feiern<br \/>\n&#8211; 7 sonstige Anl\u00e4sse<\/p>\n<p>Im Vergleich dazu das Jahr 2024 mit 20 Ausr\u00fcckungen:<br \/>\n&#8211; 4 Konzerte\/Wertungen<br \/>\n&#8211; 1 Musikfest<br \/>\n&#8211; 8 kirchliche Feiern<br \/>\n&#8211; 7 sonstige Anl\u00e4sse<\/p>\n","protected":false},"excerpt":{"rendered":"<p>Zahlen und Daten zur Musikkapelle Hartkirchen 66 aktive MusikerInnen &#8211; 34 Musikerinnen &#8211; 32 Musiker Durchschnittsalter: 30,5 Jahre Aufteilung: &#8211; 27 Blechbl\u00e4ser &#8211; 26 Holzbl\u00e4ser &#8211; 9 Schlagzeuger &#8211; 4 fesche Marketenderinnen 27 Ausr\u00fcckungen im Jahr 2025: &#8211; 9 Konzerte\/Wettbewerbe &#8211; 3 Musikfest &#8211; 8 kirchliche Feiern &#8211; 7 sonstige <a class=\"more-link\" href=\"http:\/\/www.musik-hartkirchen.at\/hp\/verein\/\">Weiterlesen \u2192<\/a><\/p>\n","protected":false},"author":3,"featured_media":0,"parent":0,"menu_order":2,"comment_status":"closed","ping_status":"closed","template":"","meta":[],"_links":{"self":[{"href":"http:\/\/www.musik-hartkirchen.at\/hp\/wp-json\/wp\/v2\/pages\/101"}],"collection":[{"href":"http:\/\/www.musik-hartkirchen.at\/hp\/wp-json\/wp\/v2\/pages"}],"about":[{"href":"http:\/\/www.musik-hartkirchen.at\/hp\/wp-json\/wp\/v2\/types\/page"}],"author":[{"embeddable":true,"href":"http:\/\/www.musik-hartkirchen.at\/hp\/wp-json\/wp\/v2\/users\/3"}],"replies":[{"embeddable":true,"href":"http:\/\/www.musik-hartkirchen.at\/hp\/wp-json\/wp\/v2\/comments?post=101"}],"version-history":[{"count":10,"href":"http:\/\/www.musik-hartkirchen.at\/hp\/wp-json\/wp\/v2\/pages\/101\/revisions"}],"predecessor-version":[{"id":5093,"href":"http:\/\/www.musik-hartkirchen.at\/hp\/wp-json\/wp\/v2\/pages\/101\/revisions\/5093"}],"wp:attachment":[{"href":"http:\/\/www.musik-hartkirchen.at\/hp\/wp-json\/wp\/v2\/media?parent=101"}],"curies":[{"name":"wp","href":"https:\/\/api.w.org\/{rel}","templated":true}]}}