{"id":211,"date":"2015-10-20T19:42:26","date_gmt":"2015-10-20T17:42:26","guid":{"rendered":"http:\/\/musitestwordpress.azurewebsites.net\/?page_id=211"},"modified":"2024-10-15T19:39:20","modified_gmt":"2024-10-15T17:39:20","slug":"kontakt","status":"publish","type":"page","link":"http:\/\/www.musik-hartkirchen.at\/hp\/kontakt\/","title":{"rendered":"Kontakt &#038; Info"},"content":{"rendered":"<p>Musikkapelle Hartkirchen<br \/>\n4081 Hartkirchen<br \/>\nobmann[@]musik-hartkirchen.at<\/p>\n<p>Obmann Michael Loimayr<br \/>\nFeldweg 15\/1<br \/>\n4081 Hartkirchen<br \/>\n0676\/3550755<\/p>\n<p>Trotz sorgf\u00e4ltiger inhaltlicher Kontrolle \u00fcbernehmen wir keine Haftung f\u00fcr den Inhalt externer Links. F\u00fcr den Inhalt der verlinkten Seiten sind ausschlie\u00dflich deren Betreiber verantwortlich.<\/p>\n","protected":false},"excerpt":{"rendered":"<p>Musikkapelle Hartkirchen 4081 Hartkirchen obmann[@]musik-hartkirchen.at Obmann Michael Loimayr Feldweg 15\/1 4081 Hartkirchen 0676\/3550755 Trotz sorgf\u00e4ltiger inhaltlicher Kontrolle \u00fcbernehmen wir keine Haftung f\u00fcr den Inhalt externer Links. F\u00fcr den Inhalt der verlinkten Seiten sind ausschlie\u00dflich deren Betreiber verantwortlich.<\/p>\n","protected":false},"author":3,"featured_media":0,"parent":0,"menu_order":6,"comment_status":"closed","ping_status":"closed","template":"","meta":[],"_links":{"self":[{"href":"http:\/\/www.musik-hartkirchen.at\/hp\/wp-json\/wp\/v2\/pages\/211"}],"collection":[{"href":"http:\/\/www.musik-hartkirchen.at\/hp\/wp-json\/wp\/v2\/pages"}],"about":[{"href":"http:\/\/www.musik-hartkirchen.at\/hp\/wp-json\/wp\/v2\/types\/page"}],"author":[{"embeddable":true,"href":"http:\/\/www.musik-hartkirchen.at\/hp\/wp-json\/wp\/v2\/users\/3"}],"replies":[{"embeddable":true,"href":"http:\/\/www.musik-hartkirchen.at\/hp\/wp-json\/wp\/v2\/comments?post=211"}],"version-history":[{"count":6,"href":"http:\/\/www.musik-hartkirchen.at\/hp\/wp-json\/wp\/v2\/pages\/211\/revisions"}],"predecessor-version":[{"id":4925,"href":"http:\/\/www.musik-hartkirchen.at\/hp\/wp-json\/wp\/v2\/pages\/211\/revisions\/4925"}],"wp:attachment":[{"href":"http:\/\/www.musik-hartkirchen.at\/hp\/wp-json\/wp\/v2\/media?parent=211"}],"curies":[{"name":"wp","href":"https:\/\/api.w.org\/{rel}","templated":true}]}}