{"id":271,"date":"2015-10-20T19:43:37","date_gmt":"2015-10-20T17:43:37","guid":{"rendered":"http:\/\/musitestwordpress.azurewebsites.net\/?page_id=271"},"modified":"2017-11-11T18:15:22","modified_gmt":"2017-11-11T17:15:22","slug":"geschichte","status":"publish","type":"page","link":"http:\/\/www.musik-hartkirchen.at\/hp\/verein\/geschichte\/","title":{"rendered":"Geschichte"},"content":{"rendered":"<p>Am 21. April 1854 wurde in Aschach der kaiserlichen Braut, Prinzessin Elisabeth von Bayern, anl\u00e4sslich\u00a0 der Vor\u00fcberfahrt eine feierliche Begr\u00fc\u00dfung bereitet. L\u00e4ngs des Ufers der Donau war eine gro\u00dfe Volksmenge versammelt. Die Hartkirchner Musikkapelle, welche sich auf einer dekorierten Pl\u00e4tte befand, spielte beim Herannahen des Schiffes die bayrische Volkshymne.<\/p>\n<p>Dies ist die erste urkundliche Erw\u00e4hnung einer Hartkirchner Musik in der O\u00d6 Heimatchronik.<\/p>\n<p>Prinzessin Elisabeth von Bayern war damals auf der Fahrt zur Hochzeit mit Franz Josef I. Die Hochzeit fand am 24. April 1854 in Wien statt.<\/p>\n<p>Aufzeichnungen \u00fcber das musikalische Leben aus den Anfangsjahren der Hartkirchner Musikkapelle liegen sp\u00e4rlich vor. Aus der Pfarrchronik Hartkirchens\u00a0 geht hervor, dass die Kirchenmusik um die Jahrhundertwende besonders gepflegt und gef\u00f6rdert wurde. So wurden die ersten Organisten der Pfarre auch als Kapellmeister erw\u00e4hnt.<\/p>\n<p>Nach dem 2. Weltkrieg, der in den Reihen der Musiker sichtbare Spuren hinterlassen hatte, begann 1946 Johann Dirnberger mit dem Wiederaufbau der Musikkapelle.<\/p>\n<p>Anfang der 50er Jahre wurde die Musikkapelle neu eingekleidet. Man w\u00e4hlte eine schwarze Uniformhose, dazu eine Bluse in gleicher Farbe und eine Schirmm\u00fctze.<\/p>\n<p>Johann Dirnberger legte 1960 nach 30 Jahren den Taktstock zur\u00fcck. Er wurde im selben Jahr zum ersten Obmann der Musikkapelle Hartkirchen gew\u00e4hlt.<\/p>\n<p>Sein Nachfolger als Kapellmeister wurde Johann Riederer.<\/p>\n<p>1964 entsprach man schlie\u00dflich einem Trend, der sich fast bei allen O\u00d6 Musikkapellen zeigte. Die Uniform wurde abgelegt und man ersetzte diese durch eine schmucke Tracht, die aus einem blauen Rock, einem gelben Leibchen und einer schwarzen Hose bestand, die sp\u00e4ter durch ein Kniebundhose mit Stutzen ersetzt wurde. Auch heute pr\u00e4sentieren wir uns noch in diesen sch\u00f6nen Farben.<\/p>\n","protected":false},"excerpt":{"rendered":"<p>Am 21. April 1854 wurde in Aschach der kaiserlichen Braut, Prinzessin Elisabeth von Bayern, anl\u00e4sslich\u00a0 der Vor\u00fcberfahrt eine feierliche Begr\u00fc\u00dfung bereitet. L\u00e4ngs des Ufers der Donau war eine gro\u00dfe Volksmenge versammelt. Die Hartkirchner Musikkapelle, welche sich auf einer dekorierten Pl\u00e4tte befand, spielte beim Herannahen des Schiffes die bayrische Volkshymne. Dies <a class=\"more-link\" href=\"http:\/\/www.musik-hartkirchen.at\/hp\/verein\/geschichte\/\">Weiterlesen \u2192<\/a><\/p>\n","protected":false},"author":3,"featured_media":0,"parent":101,"menu_order":0,"comment_status":"closed","ping_status":"closed","template":"","meta":[],"_links":{"self":[{"href":"http:\/\/www.musik-hartkirchen.at\/hp\/wp-json\/wp\/v2\/pages\/271"}],"collection":[{"href":"http:\/\/www.musik-hartkirchen.at\/hp\/wp-json\/wp\/v2\/pages"}],"about":[{"href":"http:\/\/www.musik-hartkirchen.at\/hp\/wp-json\/wp\/v2\/types\/page"}],"author":[{"embeddable":true,"href":"http:\/\/www.musik-hartkirchen.at\/hp\/wp-json\/wp\/v2\/users\/3"}],"replies":[{"embeddable":true,"href":"http:\/\/www.musik-hartkirchen.at\/hp\/wp-json\/wp\/v2\/comments?post=271"}],"version-history":[{"count":4,"href":"http:\/\/www.musik-hartkirchen.at\/hp\/wp-json\/wp\/v2\/pages\/271\/revisions"}],"predecessor-version":[{"id":4294,"href":"http:\/\/www.musik-hartkirchen.at\/hp\/wp-json\/wp\/v2\/pages\/271\/revisions\/4294"}],"up":[{"embeddable":true,"href":"http:\/\/www.musik-hartkirchen.at\/hp\/wp-json\/wp\/v2\/pages\/101"}],"wp:attachment":[{"href":"http:\/\/www.musik-hartkirchen.at\/hp\/wp-json\/wp\/v2\/media?parent=271"}],"curies":[{"name":"wp","href":"https:\/\/api.w.org\/{rel}","templated":true}]}}