{"id":4753,"date":"2023-05-24T22:10:41","date_gmt":"2023-05-24T20:10:41","guid":{"rendered":"http:\/\/www.musik-hartkirchen.at\/hp\/?page_id=4753"},"modified":"2023-05-24T22:14:16","modified_gmt":"2023-05-24T20:14:16","slug":"pr-material","status":"publish","type":"page","link":"http:\/\/www.musik-hartkirchen.at\/hp\/kontakt\/pr-material\/","title":{"rendered":"PR-Material"},"content":{"rendered":"\n<p>Logo der Musikkapelle Hartkirchen in Farbe und Druckqualit\u00e4t<\/p>\n\n\n\n<figure class=\"wp-block-image size-full is-resized\"><a href=\"http:\/\/www.musik-hartkirchen.at\/hp\/wp-content\/uploads\/2023\/05\/Logo-Musikkapelle-Hartkirchen_c_300dpi.jpg\"><img decoding=\"async\" loading=\"lazy\" src=\"http:\/\/www.musik-hartkirchen.at\/hp\/wp-content\/uploads\/2023\/05\/Logo-Musikkapelle-Hartkirchen_c_72dpi.jpg\" alt=\"\" class=\"wp-image-4754\" width=\"332\" height=\"249\" srcset=\"http:\/\/www.musik-hartkirchen.at\/hp\/wp-content\/uploads\/2023\/05\/Logo-Musikkapelle-Hartkirchen_c_72dpi.jpg 442w, http:\/\/www.musik-hartkirchen.at\/hp\/wp-content\/uploads\/2023\/05\/Logo-Musikkapelle-Hartkirchen_c_72dpi-300x225.jpg 300w\" sizes=\"(max-width: 332px) 100vw, 332px\" \/><\/a><\/figure>\n\n\n\n<p><\/p>\n\n\n\n<p><\/p>\n\n\n\n<p><br>Logo der Musikkapelle Hartkirchen in Farbe und Web-Qualit\u00e4t<\/p>\n\n\n\n<figure class=\"wp-block-image size-full is-resized\"><a href=\"http:\/\/www.musik-hartkirchen.at\/hp\/wp-content\/uploads\/2023\/05\/Logo-Musikkapelle-Hartkirchen_c_72dpi.jpg\"><img decoding=\"async\" loading=\"lazy\" src=\"http:\/\/www.musik-hartkirchen.at\/hp\/wp-content\/uploads\/2023\/05\/Logo-Musikkapelle-Hartkirchen_c_72dpi.jpg\" alt=\"\" class=\"wp-image-4754\" width=\"332\" height=\"249\" srcset=\"http:\/\/www.musik-hartkirchen.at\/hp\/wp-content\/uploads\/2023\/05\/Logo-Musikkapelle-Hartkirchen_c_72dpi.jpg 442w, http:\/\/www.musik-hartkirchen.at\/hp\/wp-content\/uploads\/2023\/05\/Logo-Musikkapelle-Hartkirchen_c_72dpi-300x225.jpg 300w\" sizes=\"(max-width: 332px) 100vw, 332px\" \/><\/a><\/figure>\n\n\n\n<p><\/p>\n\n\n\n<p><\/p>\n\n\n\n<p><br>Logo der Musikkapelle Hartkirchen Schwarz-Wei\u00df in Druckqualit\u00e4t <\/p>\n\n\n\n<figure class=\"wp-block-image size-full is-resized\"><a href=\"http:\/\/www.musik-hartkirchen.at\/hp\/wp-content\/uploads\/2023\/05\/Logo-Musikkapelle-Hartkirchen_sw_v2_72dpi.jpg\"><img decoding=\"async\" loading=\"lazy\" src=\"http:\/\/www.musik-hartkirchen.at\/hp\/wp-content\/uploads\/2023\/05\/Logo-Musikkapelle-Hartkirchen_sw_v2_72dpi.jpg\" alt=\"\" class=\"wp-image-4756\" width=\"332\" height=\"249\" srcset=\"http:\/\/www.musik-hartkirchen.at\/hp\/wp-content\/uploads\/2023\/05\/Logo-Musikkapelle-Hartkirchen_sw_v2_72dpi.jpg 442w, http:\/\/www.musik-hartkirchen.at\/hp\/wp-content\/uploads\/2023\/05\/Logo-Musikkapelle-Hartkirchen_sw_v2_72dpi-300x225.jpg 300w\" sizes=\"(max-width: 332px) 100vw, 332px\" \/><\/a><\/figure>\n\n\n\n<p><\/p>\n\n\n\n<p><\/p>\n\n\n\n<p><br>Logo der Musikkapelle Hartkirchen Schwarz-Wei\u00df in Web-Qualit\u00e4t<\/p>\n\n\n\n<figure class=\"wp-block-image size-full is-resized\"><a href=\"http:\/\/www.musik-hartkirchen.at\/hp\/wp-content\/uploads\/2023\/05\/Logo-Musikkapelle-Hartkirchen_sw_v2_300dpi.jpg\"><img decoding=\"async\" loading=\"lazy\" src=\"http:\/\/www.musik-hartkirchen.at\/hp\/wp-content\/uploads\/2023\/05\/Logo-Musikkapelle-Hartkirchen_sw_v2_72dpi.jpg\" alt=\"\" class=\"wp-image-4756\" width=\"332\" height=\"249\" srcset=\"http:\/\/www.musik-hartkirchen.at\/hp\/wp-content\/uploads\/2023\/05\/Logo-Musikkapelle-Hartkirchen_sw_v2_72dpi.jpg 442w, http:\/\/www.musik-hartkirchen.at\/hp\/wp-content\/uploads\/2023\/05\/Logo-Musikkapelle-Hartkirchen_sw_v2_72dpi-300x225.jpg 300w\" sizes=\"(max-width: 332px) 100vw, 332px\" \/><\/a><\/figure>\n","protected":false},"excerpt":{"rendered":"<p>Logo der Musikkapelle Hartkirchen in Farbe und Druckqualit\u00e4t Logo der Musikkapelle Hartkirchen in Farbe und Web-Qualit\u00e4t Logo der Musikkapelle Hartkirchen Schwarz-Wei\u00df in Druckqualit\u00e4t Logo der Musikkapelle Hartkirchen Schwarz-Wei\u00df in Web-Qualit\u00e4t<\/p>\n","protected":false},"author":3,"featured_media":0,"parent":211,"menu_order":1,"comment_status":"closed","ping_status":"closed","template":"","meta":[],"_links":{"self":[{"href":"http:\/\/www.musik-hartkirchen.at\/hp\/wp-json\/wp\/v2\/pages\/4753"}],"collection":[{"href":"http:\/\/www.musik-hartkirchen.at\/hp\/wp-json\/wp\/v2\/pages"}],"about":[{"href":"http:\/\/www.musik-hartkirchen.at\/hp\/wp-json\/wp\/v2\/types\/page"}],"author":[{"embeddable":true,"href":"http:\/\/www.musik-hartkirchen.at\/hp\/wp-json\/wp\/v2\/users\/3"}],"replies":[{"embeddable":true,"href":"http:\/\/www.musik-hartkirchen.at\/hp\/wp-json\/wp\/v2\/comments?post=4753"}],"version-history":[{"count":4,"href":"http:\/\/www.musik-hartkirchen.at\/hp\/wp-json\/wp\/v2\/pages\/4753\/revisions"}],"predecessor-version":[{"id":4762,"href":"http:\/\/www.musik-hartkirchen.at\/hp\/wp-json\/wp\/v2\/pages\/4753\/revisions\/4762"}],"up":[{"embeddable":true,"href":"http:\/\/www.musik-hartkirchen.at\/hp\/wp-json\/wp\/v2\/pages\/211"}],"wp:attachment":[{"href":"http:\/\/www.musik-hartkirchen.at\/hp\/wp-json\/wp\/v2\/media?parent=4753"}],"curies":[{"name":"wp","href":"https:\/\/api.w.org\/{rel}","templated":true}]}}